{"id":67,"date":"2020-01-16T16:51:03","date_gmt":"2020-01-16T15:51:03","guid":{"rendered":"http:\/\/guerilla-asso.com\/fest\/?page_id=67"},"modified":"2021-05-06T17:18:44","modified_gmt":"2021-05-06T15:18:44","slug":"tickets","status":"publish","type":"page","link":"https:\/\/guerilla-asso.com\/fest\/tickets\/","title":{"rendered":"Tickets"},"content":{"rendered":"\n<p>Malheureusement, THIS IS MY FEST n&#8217;aura pas lieu en 2021. On vous donne rendez-vous en 2022 pour la prochaine \u00e9dition. Toutes les places ont \u00e9t\u00e9 rembours\u00e9e, n&#8217;h\u00e9sitez pas \u00e0 nous contacter si vous avez la moindre question.<\/p>\n\n\n\n<center><a title=\"Logiciel billetterie en ligne\" href=\"https:\/\/weezevent.com\/?c=sys_widget\" class=\"weezevent-widget-integration\" target=\"_blank\" data-src=\"https:\/\/www.weezevent.com\/widget_billeterie.php?id_evenement=569625&amp;lg_billetterie=1&amp;code=10687&amp;width_auto=1&amp;color_primary=ef4315\" data-width=\"650\" data-height=\"600\" data-id=\"569625\" data-resize=\"1\" data-noscroll=\"0\" data-nopb=\"0\" rel=\"noopener noreferrer\">Billetterie Weezevent<\/a><script type=\"text\/javascript\" src=\"https:\/\/www.weezevent.com\/js\/widget\/min\/widget.min.js\"><\/script><\/center>\n","protected":false},"excerpt":{"rendered":"<p>Malheureusement, THIS IS MY FEST n&#8217;aura pas lieu en 2021. On vous donne rendez-vous en 2022 pour la prochaine \u00e9dition. Toutes les places ont \u00e9t\u00e9 rembours\u00e9e, n&#8217;h\u00e9sitez pas \u00e0 nous contacter si vous avez la moindre question. Billetterie Weezevent<\/p>\n","protected":false},"author":1,"featured_media":29,"parent":0,"menu_order":0,"comment_status":"closed","ping_status":"closed","template":"","meta":[],"yoast_head":"<!-- This site is optimized with the Yoast SEO plugin v16.2 - https:\/\/yoast.com\/wordpress\/plugins\/seo\/ -->\n<title>Acheter ses tickets ou son pass 3 jours - THIS IS MY FEST 8<\/title>\n<meta name=\"description\" content=\"Le festival THIS IS MY FEST 8 se d\u00e9roule sur 3 jours. Vous pouvez d\u00e8s maintenant r\u00e9server votre pass 3 jours ou acheter des tickets journ\u00e9e.\" \/>\n<meta name=\"robots\" content=\"index, follow, max-snippet:-1, max-image-preview:large, max-video-preview:-1\" \/>\n<link rel=\"canonical\" href=\"https:\/\/guerilla-asso.com\/fest\/tickets\/\" \/>\n<meta property=\"og:locale\" content=\"fr_FR\" \/>\n<meta property=\"og:type\" content=\"article\" \/>\n<meta property=\"og:title\" content=\"Acheter ses tickets ou son pass 3 jours - THIS IS MY FEST 8\" \/>\n<meta property=\"og:description\" content=\"Le festival THIS IS MY FEST 8 se d\u00e9roule sur 3 jours. Vous pouvez d\u00e8s maintenant r\u00e9server votre pass 3 jours ou acheter des tickets journ\u00e9e.\" \/>\n<meta property=\"og:url\" content=\"https:\/\/guerilla-asso.com\/fest\/tickets\/\" \/>\n<meta property=\"og:site_name\" content=\"THIS IS MY FEST 8\" \/>\n<meta property=\"article:modified_time\" content=\"2021-05-06T15:18:44+00:00\" \/>\n<meta property=\"og:image\" content=\"https:\/\/guerilla-asso.com\/fest\/wp-content\/uploads\/2019\/12\/header-2020.jpg\" \/>\n\t<meta property=\"og:image:width\" content=\"2000\" \/>\n\t<meta property=\"og:image:height\" content=\"1110\" \/>\n<meta name=\"twitter:card\" content=\"summary_large_image\" \/>\n<meta name=\"twitter:label1\" content=\"Dur\u00e9e de lecture est.\">\n\t<meta name=\"twitter:data1\" content=\"1 minute\">\n<script type=\"application\/ld+json\" class=\"yoast-schema-graph\">{\"@context\":\"https:\/\/schema.org\",\"@graph\":[{\"@type\":\"WebSite\",\"@id\":\"https:\/\/guerilla-asso.com\/fest\/#website\",\"url\":\"https:\/\/guerilla-asso.com\/fest\/\",\"name\":\"THIS IS MY FEST 8\",\"description\":\"Festival punk &amp; hardcore les 29, 30 et 31 mai 2020 au Gibus, Paris\",\"potentialAction\":[{\"@type\":\"SearchAction\",\"target\":\"https:\/\/guerilla-asso.com\/fest\/?s={search_term_string}\",\"query-input\":\"required name=search_term_string\"}],\"inLanguage\":\"fr-FR\"},{\"@type\":\"ImageObject\",\"@id\":\"https:\/\/guerilla-asso.com\/fest\/tickets\/#primaryimage\",\"inLanguage\":\"fr-FR\",\"url\":\"https:\/\/guerilla-asso.com\/fest\/wp-content\/uploads\/2019\/12\/header-2020.jpg\",\"contentUrl\":\"https:\/\/guerilla-asso.com\/fest\/wp-content\/uploads\/2019\/12\/header-2020.jpg\",\"width\":2000,\"height\":1110,\"caption\":\"Header THIS IS MY FEST 8\"},{\"@type\":\"WebPage\",\"@id\":\"https:\/\/guerilla-asso.com\/fest\/tickets\/#webpage\",\"url\":\"https:\/\/guerilla-asso.com\/fest\/tickets\/\",\"name\":\"Acheter ses tickets ou son pass 3 jours - THIS IS MY FEST 8\",\"isPartOf\":{\"@id\":\"https:\/\/guerilla-asso.com\/fest\/#website\"},\"primaryImageOfPage\":{\"@id\":\"https:\/\/guerilla-asso.com\/fest\/tickets\/#primaryimage\"},\"datePublished\":\"2020-01-16T15:51:03+00:00\",\"dateModified\":\"2021-05-06T15:18:44+00:00\",\"description\":\"Le festival THIS IS MY FEST 8 se d\\u00e9roule sur 3 jours. Vous pouvez d\\u00e8s maintenant r\\u00e9server votre pass 3 jours ou acheter des tickets journ\\u00e9e.\",\"breadcrumb\":{\"@id\":\"https:\/\/guerilla-asso.com\/fest\/tickets\/#breadcrumb\"},\"inLanguage\":\"fr-FR\",\"potentialAction\":[{\"@type\":\"ReadAction\",\"target\":[\"https:\/\/guerilla-asso.com\/fest\/tickets\/\"]}]},{\"@type\":\"BreadcrumbList\",\"@id\":\"https:\/\/guerilla-asso.com\/fest\/tickets\/#breadcrumb\",\"itemListElement\":[{\"@type\":\"ListItem\",\"position\":1,\"item\":{\"@type\":\"WebPage\",\"@id\":\"https:\/\/guerilla-asso.com\/fest\/\",\"url\":\"https:\/\/guerilla-asso.com\/fest\/\",\"name\":\"Accueil\"}},{\"@type\":\"ListItem\",\"position\":2,\"item\":{\"@id\":\"https:\/\/guerilla-asso.com\/fest\/tickets\/#webpage\"}}]}]}<\/script>\n<!-- \/ Yoast SEO plugin. -->","_links":{"self":[{"href":"https:\/\/guerilla-asso.com\/fest\/wp-json\/wp\/v2\/pages\/67"}],"collection":[{"href":"https:\/\/guerilla-asso.com\/fest\/wp-json\/wp\/v2\/pages"}],"about":[{"href":"https:\/\/guerilla-asso.com\/fest\/wp-json\/wp\/v2\/types\/page"}],"author":[{"embeddable":true,"href":"https:\/\/guerilla-asso.com\/fest\/wp-json\/wp\/v2\/users\/1"}],"replies":[{"embeddable":true,"href":"https:\/\/guerilla-asso.com\/fest\/wp-json\/wp\/v2\/comments?post=67"}],"version-history":[{"count":10,"href":"https:\/\/guerilla-asso.com\/fest\/wp-json\/wp\/v2\/pages\/67\/revisions"}],"predecessor-version":[{"id":322,"href":"https:\/\/guerilla-asso.com\/fest\/wp-json\/wp\/v2\/pages\/67\/revisions\/322"}],"wp:featuredmedia":[{"embeddable":true,"href":"https:\/\/guerilla-asso.com\/fest\/wp-json\/wp\/v2\/media\/29"}],"wp:attachment":[{"href":"https:\/\/guerilla-asso.com\/fest\/wp-json\/wp\/v2\/media?parent=67"}],"curies":[{"name":"wp","href":"https:\/\/api.w.org\/{rel}","templated":true}]}}