{"id":2,"date":"2019-11-26T15:04:47","date_gmt":"2019-11-26T14:04:47","guid":{"rendered":"http:\/\/guerilla-asso.com\/fest\/?page_id=2"},"modified":"2020-01-21T09:07:19","modified_gmt":"2020-01-21T08:07:19","slug":"page-d-exemple","status":"publish","type":"page","link":"https:\/\/guerilla-asso.com\/fest\/","title":{"rendered":"Home"},"content":{"rendered":"","protected":false},"excerpt":{"rendered":"","protected":false},"author":1,"featured_media":115,"parent":0,"menu_order":0,"comment_status":"closed","ping_status":"open","template":"","meta":[],"yoast_head":"<!-- This site is optimized with the Yoast SEO plugin v16.2 - https:\/\/yoast.com\/wordpress\/plugins\/seo\/ -->\n<title>THIS IS MY FEST 8 - Festival punk-rock et hardcore au Gibus, Paris<\/title>\n<meta name=\"description\" content=\"THIS IS MY FEST est un festival ind\u00e9pendant organis\u00e9 par Guerilla Asso. Cette 8e \u00e9dition accueillera 25 groupes sur 3 jours, les 29, 30 et 31 mai 2020.\" \/>\n<meta name=\"robots\" content=\"index, follow, max-snippet:-1, max-image-preview:large, max-video-preview:-1\" \/>\n<link rel=\"canonical\" href=\"https:\/\/guerilla-asso.com\/fest\/\" \/>\n<meta property=\"og:locale\" content=\"fr_FR\" \/>\n<meta property=\"og:type\" content=\"article\" \/>\n<meta property=\"og:title\" content=\"THIS IS MY FEST 8 - Festival punk-rock et hardcore au Gibus, Paris\" \/>\n<meta property=\"og:description\" content=\"THIS IS MY FEST est un festival ind\u00e9pendant organis\u00e9 par Guerilla Asso. Cette 8e \u00e9dition accueillera 25 groupes sur 3 jours, les 29, 30 et 31 mai 2020.\" \/>\n<meta property=\"og:url\" content=\"https:\/\/guerilla-asso.com\/fest\/\" \/>\n<meta property=\"og:site_name\" content=\"THIS IS MY FEST 8\" \/>\n<meta property=\"article:modified_time\" content=\"2020-01-21T08:07:19+00:00\" \/>\n<meta property=\"og:image\" content=\"https:\/\/guerilla-asso.com\/fest\/wp-content\/uploads\/2020\/01\/thumbtimf8.png\" \/>\n\t<meta property=\"og:image:width\" content=\"704\" \/>\n\t<meta property=\"og:image:height\" content=\"419\" \/>\n<meta name=\"twitter:card\" content=\"summary_large_image\" \/>\n<script type=\"application\/ld+json\" class=\"yoast-schema-graph\">{\"@context\":\"https:\/\/schema.org\",\"@graph\":[{\"@type\":\"WebSite\",\"@id\":\"https:\/\/guerilla-asso.com\/fest\/#website\",\"url\":\"https:\/\/guerilla-asso.com\/fest\/\",\"name\":\"THIS IS MY FEST 8\",\"description\":\"Festival punk &amp; hardcore les 29, 30 et 31 mai 2020 au Gibus, Paris\",\"potentialAction\":[{\"@type\":\"SearchAction\",\"target\":\"https:\/\/guerilla-asso.com\/fest\/?s={search_term_string}\",\"query-input\":\"required name=search_term_string\"}],\"inLanguage\":\"fr-FR\"},{\"@type\":\"ImageObject\",\"@id\":\"https:\/\/guerilla-asso.com\/fest\/#primaryimage\",\"inLanguage\":\"fr-FR\",\"url\":\"https:\/\/guerilla-asso.com\/fest\/wp-content\/uploads\/2020\/01\/thumbtimf8.png\",\"contentUrl\":\"https:\/\/guerilla-asso.com\/fest\/wp-content\/uploads\/2020\/01\/thumbtimf8.png\",\"width\":704,\"height\":419,\"caption\":\"THIS IS MY FEST 8 : vignette promo\"},{\"@type\":\"WebPage\",\"@id\":\"https:\/\/guerilla-asso.com\/fest\/#webpage\",\"url\":\"https:\/\/guerilla-asso.com\/fest\/\",\"name\":\"THIS IS MY FEST 8 - Festival punk-rock et hardcore au Gibus, Paris\",\"isPartOf\":{\"@id\":\"https:\/\/guerilla-asso.com\/fest\/#website\"},\"primaryImageOfPage\":{\"@id\":\"https:\/\/guerilla-asso.com\/fest\/#primaryimage\"},\"datePublished\":\"2019-11-26T14:04:47+00:00\",\"dateModified\":\"2020-01-21T08:07:19+00:00\",\"description\":\"THIS IS MY FEST est un festival ind\\u00e9pendant organis\\u00e9 par Guerilla Asso. Cette 8e \\u00e9dition accueillera 25 groupes sur 3 jours, les 29, 30 et 31 mai 2020.\",\"breadcrumb\":{\"@id\":\"https:\/\/guerilla-asso.com\/fest\/#breadcrumb\"},\"inLanguage\":\"fr-FR\",\"potentialAction\":[{\"@type\":\"ReadAction\",\"target\":[\"https:\/\/guerilla-asso.com\/fest\/\"]}]},{\"@type\":\"BreadcrumbList\",\"@id\":\"https:\/\/guerilla-asso.com\/fest\/#breadcrumb\",\"itemListElement\":[{\"@type\":\"ListItem\",\"position\":1,\"item\":{\"@type\":\"WebPage\",\"@id\":\"https:\/\/guerilla-asso.com\/fest\/\",\"url\":\"https:\/\/guerilla-asso.com\/fest\/\",\"name\":\"Accueil\"}},{\"@type\":\"ListItem\",\"position\":2,\"item\":{\"@id\":\"https:\/\/guerilla-asso.com\/fest\/#webpage\"}}]}]}<\/script>\n<!-- \/ Yoast SEO plugin. -->","_links":{"self":[{"href":"https:\/\/guerilla-asso.com\/fest\/wp-json\/wp\/v2\/pages\/2"}],"collection":[{"href":"https:\/\/guerilla-asso.com\/fest\/wp-json\/wp\/v2\/pages"}],"about":[{"href":"https:\/\/guerilla-asso.com\/fest\/wp-json\/wp\/v2\/types\/page"}],"author":[{"embeddable":true,"href":"https:\/\/guerilla-asso.com\/fest\/wp-json\/wp\/v2\/users\/1"}],"replies":[{"embeddable":true,"href":"https:\/\/guerilla-asso.com\/fest\/wp-json\/wp\/v2\/comments?post=2"}],"version-history":[{"count":3,"href":"https:\/\/guerilla-asso.com\/fest\/wp-json\/wp\/v2\/pages\/2\/revisions"}],"predecessor-version":[{"id":135,"href":"https:\/\/guerilla-asso.com\/fest\/wp-json\/wp\/v2\/pages\/2\/revisions\/135"}],"wp:featuredmedia":[{"embeddable":true,"href":"https:\/\/guerilla-asso.com\/fest\/wp-json\/wp\/v2\/media\/115"}],"wp:attachment":[{"href":"https:\/\/guerilla-asso.com\/fest\/wp-json\/wp\/v2\/media?parent=2"}],"curies":[{"name":"wp","href":"https:\/\/api.w.org\/{rel}","templated":true}]}}