{"id":13,"date":"2019-11-26T15:16:29","date_gmt":"2019-11-26T14:16:29","guid":{"rendered":"http:\/\/guerilla-asso.com\/fest\/?page_id=13"},"modified":"2021-05-06T17:16:55","modified_gmt":"2021-05-06T15:16:55","slug":"infos-pratiques","status":"publish","type":"page","link":"https:\/\/guerilla-asso.com\/fest\/infos-pratiques\/","title":{"rendered":"Infos pratiques"},"content":{"rendered":"\n<h2>Comment venir \u00e0 THIS IS MY FEST ?<\/h2>\n\n\n\n<p><strong>LE GIBUS<\/strong><br>18 Rue du Faubourg du Temple, 75011 Paris<br>\ud83d\ude87 R\u00e9publique : lignes 3, 5, 8, 9 ou 11<\/p>\n\n\n\n<iframe loading=\"lazy\" src=\"https:\/\/www.google.com\/maps\/embed?pb=!1m18!1m12!1m3!1d2624.4687025996004!2d2.3640175152608367!3d48.868340879288475!2m3!1f0!2f0!3f0!3m2!1i1024!2i768!4f13.1!3m3!1m2!1s0x47e66e084a56886f%3A0xef7d50ebb10f0129!2sGibus%20Club!5e0!3m2!1sfr!2sfr!4v1579516613641!5m2!1sfr!2sfr\" width=\"800\" height=\"400\" frameborder=\"0\" style=\"border:0;\" allowfullscreen=\"\"><\/iframe><br><br>\n\n\n\n<h2>H\u00e9bergement et covoiturage<\/h2>\n\n\n\n<p>De nombreuses auberges de jeunesse et h\u00f4tels bon march\u00e9 se situent dans les environs. Pour \u00e9changer avec les autres participant\u00b7e\u00b7s \u00e0 propos de l&#8217;h\u00e9bergement ou de solutions de covoiturage, n&#8217;h\u00e9sitez pas \u00e0 discuter sur <a rel=\"noreferrer noopener\" aria-label=\"notre page Facebook (s\u2019ouvre dans un nouvel onglet)\" href=\"https:\/\/www.facebook.com\/ThisIsMyFest\/?ref=bookmarks\" target=\"_blank\">notre page Facebook<\/a> ou dans <a rel=\"noreferrer noopener\" aria-label=\"l'\u00e9v\u00e8nement (s\u2019ouvre dans un nouvel onglet)\" href=\"https:\/\/www.facebook.com\/events\/783103045493443\/\" target=\"_blank\">l&#8217;\u00e9v\u00e8nement<\/a>.<\/p>\n\n\n\n<h2>Festival sans relou<\/h2>\n\n\n\n<p><p>Les comportements sexistes, racistes, homophobes, transphobes et de domination en tout genre ne sont pas les bienvenus, qu&#8217;ils soient exprim\u00e9s au travers d&#8217;agressions physiques ou verbales, de blagues, de danses violentes, d&#8217;intimidations ou autres. N&#8217;h\u00e9sitez pas \u00e0 en parler si vous \u00eates victimes ou si vous voyez quelque chose. C&#8217;est notre festival \u00e0 toutes et tous, veillons \u00e0 ne pas laisser notre petit plaisir \u00e9clabousser celui des autres \u2661.<\/p><br><\/p>\n\n\n\n<p><\/p>\n","protected":false},"excerpt":{"rendered":"<p>Comment venir \u00e0 THIS IS MY FEST ? LE GIBUS18 Rue du Faubourg du Temple, 75011 Paris\ud83d\ude87 R\u00e9publique : lignes 3, 5, 8, 9 ou 11 H\u00e9bergement et covoiturage De nombreuses auberges de jeunesse et h\u00f4tels bon march\u00e9 se situent dans les environs. Pour \u00e9changer avec les autres participant\u00b7e\u00b7s \u00e0 [&hellip;]<\/p>\n","protected":false},"author":1,"featured_media":29,"parent":0,"menu_order":0,"comment_status":"closed","ping_status":"closed","template":"","meta":[],"yoast_head":"<!-- This site is optimized with the Yoast SEO plugin v16.2 - https:\/\/yoast.com\/wordpress\/plugins\/seo\/ -->\n<title>Infos pratiques : venir au festival - THIS IS MY FEST 8<\/title>\n<meta name=\"description\" content=\"Retrouvez ici toutes les informations pratiques pour venir \u00e0 THIS IS MY FEST : adresse, horaires, h\u00e9bergement et covoiturage.\" \/>\n<meta name=\"robots\" content=\"index, follow, max-snippet:-1, max-image-preview:large, max-video-preview:-1\" \/>\n<link rel=\"canonical\" href=\"https:\/\/guerilla-asso.com\/fest\/infos-pratiques\/\" \/>\n<meta property=\"og:locale\" content=\"fr_FR\" \/>\n<meta property=\"og:type\" content=\"article\" \/>\n<meta property=\"og:title\" content=\"Infos pratiques : venir au festival - THIS IS MY FEST 8\" \/>\n<meta property=\"og:description\" content=\"Retrouvez ici toutes les informations pratiques pour venir \u00e0 THIS IS MY FEST : adresse, horaires, h\u00e9bergement et covoiturage.\" \/>\n<meta property=\"og:url\" content=\"https:\/\/guerilla-asso.com\/fest\/infos-pratiques\/\" \/>\n<meta property=\"og:site_name\" content=\"THIS IS MY FEST 8\" \/>\n<meta property=\"article:modified_time\" content=\"2021-05-06T15:16:55+00:00\" \/>\n<meta property=\"og:image\" content=\"https:\/\/guerilla-asso.com\/fest\/wp-content\/uploads\/2019\/12\/header-2020.jpg\" \/>\n\t<meta property=\"og:image:width\" content=\"2000\" \/>\n\t<meta property=\"og:image:height\" content=\"1110\" \/>\n<meta name=\"twitter:card\" content=\"summary_large_image\" \/>\n<meta name=\"twitter:label1\" content=\"Dur\u00e9e de lecture est.\">\n\t<meta name=\"twitter:data1\" content=\"1 minute\">\n<script type=\"application\/ld+json\" class=\"yoast-schema-graph\">{\"@context\":\"https:\/\/schema.org\",\"@graph\":[{\"@type\":\"WebSite\",\"@id\":\"https:\/\/guerilla-asso.com\/fest\/#website\",\"url\":\"https:\/\/guerilla-asso.com\/fest\/\",\"name\":\"THIS IS MY FEST 8\",\"description\":\"Festival punk &amp; hardcore les 29, 30 et 31 mai 2020 au Gibus, Paris\",\"potentialAction\":[{\"@type\":\"SearchAction\",\"target\":\"https:\/\/guerilla-asso.com\/fest\/?s={search_term_string}\",\"query-input\":\"required name=search_term_string\"}],\"inLanguage\":\"fr-FR\"},{\"@type\":\"ImageObject\",\"@id\":\"https:\/\/guerilla-asso.com\/fest\/infos-pratiques\/#primaryimage\",\"inLanguage\":\"fr-FR\",\"url\":\"https:\/\/guerilla-asso.com\/fest\/wp-content\/uploads\/2019\/12\/header-2020.jpg\",\"contentUrl\":\"https:\/\/guerilla-asso.com\/fest\/wp-content\/uploads\/2019\/12\/header-2020.jpg\",\"width\":2000,\"height\":1110,\"caption\":\"Header THIS IS MY FEST 8\"},{\"@type\":\"WebPage\",\"@id\":\"https:\/\/guerilla-asso.com\/fest\/infos-pratiques\/#webpage\",\"url\":\"https:\/\/guerilla-asso.com\/fest\/infos-pratiques\/\",\"name\":\"Infos pratiques : venir au festival - THIS IS MY FEST 8\",\"isPartOf\":{\"@id\":\"https:\/\/guerilla-asso.com\/fest\/#website\"},\"primaryImageOfPage\":{\"@id\":\"https:\/\/guerilla-asso.com\/fest\/infos-pratiques\/#primaryimage\"},\"datePublished\":\"2019-11-26T14:16:29+00:00\",\"dateModified\":\"2021-05-06T15:16:55+00:00\",\"description\":\"Retrouvez ici toutes les informations pratiques pour venir \\u00e0 THIS IS MY FEST : adresse, horaires, h\\u00e9bergement et covoiturage.\",\"breadcrumb\":{\"@id\":\"https:\/\/guerilla-asso.com\/fest\/infos-pratiques\/#breadcrumb\"},\"inLanguage\":\"fr-FR\",\"potentialAction\":[{\"@type\":\"ReadAction\",\"target\":[\"https:\/\/guerilla-asso.com\/fest\/infos-pratiques\/\"]}]},{\"@type\":\"BreadcrumbList\",\"@id\":\"https:\/\/guerilla-asso.com\/fest\/infos-pratiques\/#breadcrumb\",\"itemListElement\":[{\"@type\":\"ListItem\",\"position\":1,\"item\":{\"@type\":\"WebPage\",\"@id\":\"https:\/\/guerilla-asso.com\/fest\/\",\"url\":\"https:\/\/guerilla-asso.com\/fest\/\",\"name\":\"Accueil\"}},{\"@type\":\"ListItem\",\"position\":2,\"item\":{\"@id\":\"https:\/\/guerilla-asso.com\/fest\/infos-pratiques\/#webpage\"}}]}]}<\/script>\n<!-- \/ Yoast SEO plugin. -->","_links":{"self":[{"href":"https:\/\/guerilla-asso.com\/fest\/wp-json\/wp\/v2\/pages\/13"}],"collection":[{"href":"https:\/\/guerilla-asso.com\/fest\/wp-json\/wp\/v2\/pages"}],"about":[{"href":"https:\/\/guerilla-asso.com\/fest\/wp-json\/wp\/v2\/types\/page"}],"author":[{"embeddable":true,"href":"https:\/\/guerilla-asso.com\/fest\/wp-json\/wp\/v2\/users\/1"}],"replies":[{"embeddable":true,"href":"https:\/\/guerilla-asso.com\/fest\/wp-json\/wp\/v2\/comments?post=13"}],"version-history":[{"count":9,"href":"https:\/\/guerilla-asso.com\/fest\/wp-json\/wp\/v2\/pages\/13\/revisions"}],"predecessor-version":[{"id":320,"href":"https:\/\/guerilla-asso.com\/fest\/wp-json\/wp\/v2\/pages\/13\/revisions\/320"}],"wp:featuredmedia":[{"embeddable":true,"href":"https:\/\/guerilla-asso.com\/fest\/wp-json\/wp\/v2\/media\/29"}],"wp:attachment":[{"href":"https:\/\/guerilla-asso.com\/fest\/wp-json\/wp\/v2\/media?parent=13"}],"curies":[{"name":"wp","href":"https:\/\/api.w.org\/{rel}","templated":true}]}}